{"id":19,"date":"2019-07-09T14:10:43","date_gmt":"2019-07-09T12:10:43","guid":{"rendered":"https:\/\/pieczazastepcza.uek.krakow.pl\/?page_id=19"},"modified":"2019-10-24T12:54:17","modified_gmt":"2019-10-24T10:54:17","slug":"o-projekcie","status":"publish","type":"page","link":"https:\/\/pieczazastepcza.uek.krakow.pl\/?page_id=19","title":{"rendered":"O projekcie"},"content":{"rendered":"\r\n<p class=\"has-medium-font-size\" style=\"text-align: justify;\">\u201euSAMODZIELNIeni finansowo\u201d to projekt wsparcia dla os\u00f3b, dzia\u0142aj\u0105cych na rzecz dzieci w&nbsp;pieczy zast\u0119pczej i ich rodzin biologicznych.<\/p>\r\n\r\n\r\n\r\n<p class=\"has-medium-font-size p {text-align:justify;}\" style=\"text-align: justify;\">To przedsi\u0119wzi\u0119cie szkoleniowe skierowane do opiekun\u00f3w i os\u00f3b bezpo\u015brednio pracuj\u0105cych z&nbsp;dzie\u0107mi, m\u0142odzie\u017c\u0105 i ich rodzinami, kt\u00f3rego celem jest podniesienie kompetencji z zakresu: <br \/>&#8211; ekonomii i finans\u00f3w, <br \/>&#8211; komunikacji spo\u0142ecznej, <br \/>&#8211; pieczy zast\u0119pczej.<\/p>\r\n\r\n\r\n\r\n<p class=\"has-medium-font-size p {text-align:justify;}\" style=\"text-align: justify;\">Projekt obejmuje \u0142\u0105cznie 72 godziny zaj\u0119\u0107, uzupe\u0142nionych o indywidualne doradztwo z&nbsp;trenerami oraz wsp\u00f3ln\u0105 prac\u0119 z podopiecznymi.<\/p>\r\n\r\n\r\n\r\n<p class=\"has-medium-font-size p {text-align:justify;}\" style=\"text-align: justify;\">Je\u015bli jeste\u015b zainteresowany\/a naszymi dzia\u0142aniami zapraszamy do zak\u0142adki <strong>Co robimy<\/strong>. Je\u015bli chcesz wzi\u0105\u0107 udzia\u0142 w projekcie zapoznaj si\u0119 z informacjami z zak\u0142adki <strong>Dla kogo<\/strong>.<\/p>\r\n\r\n\r\n\r\n<p class=\"has-medium-font-size p {text-align:justify;}\" style=\"text-align: justify;\"><strong>Problem, na kt\u00f3ry odpowiada projekt<\/strong><br \/>Jednym z g\u0142\u00f3wnych zada\u0144 stawianych przed osobami pracuj\u0105cymi z dzie\u0107mi w pieczy zast\u0119pczej oraz ich rodzinami biologicznymi, jest przygotowanie dziecka i rodziny do reintegracji i samodzielnego \u017cycia. Tymczasem bie\u017c\u0105ce wsparcie dla os\u00f3b b\u0119d\u0105cych w procesie usamodzielnienia praktycznie nie obejmuje kszta\u0142towania umiej\u0119tno\u015bci w\u0142a\u015bciwego dysponowania zasobami. Odpowiedzi\u0105 na tak zdefiniowany problem s\u0105 szkolenia zaplanowane w projekcie \u201euSAMODZIELNIeni finansowo\u201d, kt\u00f3rych g\u0142\u00f3wnym zamys\u0142em jest wyposa\u017cenie os\u00f3b dzia\u0142aj\u0105cych na rzecz dzieci w pieczy zast\u0119pczej w\u00a0podstawow\u0105 wiedz\u0105 i&nbsp;kompetencje z zakresu ekonomii i finans\u00f3w.<\/p>\r\n\r\n\r\n\r\n<p class=\"has-medium-font-size p {text-align:justify;}\" style=\"text-align: justify;\"><strong>Planowane efekty<\/strong><br \/>Podniesienie kompetencji u 90 uczestnik\u00f3w szkole\u0144 z zakresu podstaw ekonomii i finans\u00f3w, komunikacji spo\u0142ecznej oraz pieczy zast\u0119pczej co przyczyni si\u0119 do wi\u0119kszej samodzielno\u015bci ich podopiecznych i zmniejszenia ryzyka ich wykluczenia spo\u0142ecznego.<\/p>\r\n\r\n\r\n\r\n<p class=\"has-medium-font-size p {text-align:justify;}\" style=\"text-align: justify;\"><strong>Finansowanie<\/strong><br \/>Warto\u015b\u0107 projektu: 763 137,50 z\u0142<br \/>Warto\u015b\u0107 dofinansowania z Funduszy Europejskich: 643 172,29 z\u0142<\/p>\r\n\r\n\r\n\r\n<p class=\"has-medium-font-size\" style=\"text-align: justify;\"><strong>Regulamin udzia\u0142u w projekcie<\/strong> &#8211; <a href=\"\/doki\/Regulamin_rekrutacji-i-udzialu_szkolenia.pdf\"> <span style=\"color: #45853a;\">do pobrania<\/span><\/a><\/p>\r\n","protected":false},"excerpt":{"rendered":"<p>\u201euSAMODZIELNIeni finansowo\u201d to projekt wsparcia dla os\u00f3b, dzia\u0142aj\u0105cych na rzecz dzieci w&nbsp;pieczy zast\u0119pczej i ich rodzin biologicznych. To przedsi\u0119wzi\u0119cie szkoleniowe skierowane do opiekun\u00f3w i os\u00f3b bezpo\u015brednio pracuj\u0105cych z&nbsp;dzie\u0107mi, m\u0142odzie\u017c\u0105 i ich rodzinami, kt\u00f3rego celem jest podniesienie kompetencji z zakresu: &#8211; ekonomii i finans\u00f3w, &#8211; komunikacji spo\u0142ecznej, &#8211; pieczy zast\u0119pczej. Projekt obejmuje \u0142\u0105cznie 72 godziny zaj\u0119\u0107, uzupe\u0142nionych o indywidualne doradztwo z&nbsp;trenerami oraz wsp\u00f3ln\u0105 prac\u0119 z podopiecznymi. Je\u015bli jeste\u015b zainteresowany\/a naszymi dzia\u0142aniami zapraszamy do zak\u0142adki Co robimy. Je\u015bli chcesz wzi\u0105\u0107 udzia\u0142 w projekcie zapoznaj si\u0119 z informacjami z zak\u0142adki Dla kogo. Problem, na kt\u00f3ry odpowiada projektJednym z g\u0142\u00f3wnych zada\u0144 stawianych przed osobami pracuj\u0105cymi z dzie\u0107mi w pieczy<a class=\"more-link\" href=\"https:\/\/pieczazastepcza.uek.krakow.pl\/?page_id=19\">Read More &rarr;<\/a><\/p>\n","protected":false},"author":1,"featured_media":0,"parent":0,"menu_order":0,"comment_status":"closed","ping_status":"closed","template":"","meta":[],"_links":{"self":[{"href":"https:\/\/pieczazastepcza.uek.krakow.pl\/index.php?rest_route=\/wp\/v2\/pages\/19"}],"collection":[{"href":"https:\/\/pieczazastepcza.uek.krakow.pl\/index.php?rest_route=\/wp\/v2\/pages"}],"about":[{"href":"https:\/\/pieczazastepcza.uek.krakow.pl\/index.php?rest_route=\/wp\/v2\/types\/page"}],"author":[{"embeddable":true,"href":"https:\/\/pieczazastepcza.uek.krakow.pl\/index.php?rest_route=\/wp\/v2\/users\/1"}],"replies":[{"embeddable":true,"href":"https:\/\/pieczazastepcza.uek.krakow.pl\/index.php?rest_route=%2Fwp%2Fv2%2Fcomments&post=19"}],"version-history":[{"count":9,"href":"https:\/\/pieczazastepcza.uek.krakow.pl\/index.php?rest_route=\/wp\/v2\/pages\/19\/revisions"}],"predecessor-version":[{"id":374,"href":"https:\/\/pieczazastepcza.uek.krakow.pl\/index.php?rest_route=\/wp\/v2\/pages\/19\/revisions\/374"}],"wp:attachment":[{"href":"https:\/\/pieczazastepcza.uek.krakow.pl\/index.php?rest_route=%2Fwp%2Fv2%2Fmedia&parent=19"}],"curies":[{"name":"wp","href":"https:\/\/api.w.org\/{rel}","templated":true}]}}