{"id":33,"date":"2019-07-16T13:03:58","date_gmt":"2019-07-16T11:03:58","guid":{"rendered":"https:\/\/pieczazastepcza.uek.krakow.pl\/?page_id=33"},"modified":"2019-10-24T12:52:17","modified_gmt":"2019-10-24T10:52:17","slug":"oferta","status":"publish","type":"page","link":"https:\/\/pieczazastepcza.uek.krakow.pl\/?page_id=33","title":{"rendered":"Co robimy"},"content":{"rendered":"\r\n<p class=\"has-medium-font-size\" style=\"text-align: justify;\">Kluczowym dzia\u0142aniem w ramach projektu \u201euSAMODZIELNIeni finansowo\u201d jest <strong>cykl szkoleniowy<\/strong> w obszarach ekonomia i finanse, piecza zast\u0119pcza, komunikacja spo\u0142eczna, <strong>obejmuj\u0105cy a\u017c 72 godziny.<\/strong><\/p>\r\n\r\n\r\n\r\n<p class=\"has-medium-font-size\" style=\"text-align: justify;\">Uczestnicy projektu mog\u0105 skorzysta\u0107 tak\u017ce z <strong>3 godzin indywidualnych konsultacji z&nbsp;trenerami <\/strong>oraz zaanga\u017cowa\u0107 si\u0119 we wsp\u00f3lne przygotowanie wraz ze swoimi podopiecznymi pracy (np. plan oszcz\u0119dzania, biznesplan, rodzinny bud\u017cet) na <strong>konkurs \u201ePlan na przysz\u0142o\u015b\u0107\u201d<\/strong>.<\/p>\r\n\r\n\r\n\r\n<p class=\"has-medium-font-size\" style=\"text-align: justify;\">Na zako\u0144czenie projektu wszystkich uczestnik\u00f3w, wraz z ich podopiecznymi zapraszamy do udzia\u0142u w <strong>grze miejskiej <\/strong>oraz <strong>w warsztatach podsumowuj\u0105cych (Forum Wymiany Do\u015bwiadcze\u0144)<\/strong>, w trakcie kt\u00f3rych przewidziano m.in. wr\u0119czenie nagr\u00f3d w konkursie \u201ePlan na przysz\u0142o\u015b\u0107\u201d autorom najlepszych prac.<\/p>\r\n","protected":false},"excerpt":{"rendered":"<p>Kluczowym dzia\u0142aniem w ramach projektu \u201euSAMODZIELNIeni finansowo\u201d jest cykl szkoleniowy w obszarach ekonomia i finanse, piecza zast\u0119pcza, komunikacja spo\u0142eczna, obejmuj\u0105cy a\u017c 72 godziny. Uczestnicy projektu mog\u0105 skorzysta\u0107 tak\u017ce z 3 godzin indywidualnych konsultacji z&nbsp;trenerami oraz zaanga\u017cowa\u0107 si\u0119 we wsp\u00f3lne przygotowanie wraz ze swoimi podopiecznymi pracy (np. plan oszcz\u0119dzania, biznesplan, rodzinny bud\u017cet) na konkurs \u201ePlan na przysz\u0142o\u015b\u0107\u201d. Na zako\u0144czenie projektu wszystkich uczestnik\u00f3w, wraz z ich podopiecznymi zapraszamy do udzia\u0142u w grze miejskiej oraz w warsztatach podsumowuj\u0105cych (Forum Wymiany Do\u015bwiadcze\u0144), w trakcie kt\u00f3rych przewidziano m.in. wr\u0119czenie nagr\u00f3d w konkursie \u201ePlan na przysz\u0142o\u015b\u0107\u201d autorom najlepszych prac.<a class=\"more-link\" href=\"https:\/\/pieczazastepcza.uek.krakow.pl\/?page_id=33\">Read More &rarr;<\/a><\/p>\n","protected":false},"author":1,"featured_media":0,"parent":0,"menu_order":0,"comment_status":"closed","ping_status":"closed","template":"","meta":[],"_links":{"self":[{"href":"https:\/\/pieczazastepcza.uek.krakow.pl\/index.php?rest_route=\/wp\/v2\/pages\/33"}],"collection":[{"href":"https:\/\/pieczazastepcza.uek.krakow.pl\/index.php?rest_route=\/wp\/v2\/pages"}],"about":[{"href":"https:\/\/pieczazastepcza.uek.krakow.pl\/index.php?rest_route=\/wp\/v2\/types\/page"}],"author":[{"embeddable":true,"href":"https:\/\/pieczazastepcza.uek.krakow.pl\/index.php?rest_route=\/wp\/v2\/users\/1"}],"replies":[{"embeddable":true,"href":"https:\/\/pieczazastepcza.uek.krakow.pl\/index.php?rest_route=%2Fwp%2Fv2%2Fcomments&post=33"}],"version-history":[{"count":6,"href":"https:\/\/pieczazastepcza.uek.krakow.pl\/index.php?rest_route=\/wp\/v2\/pages\/33\/revisions"}],"predecessor-version":[{"id":371,"href":"https:\/\/pieczazastepcza.uek.krakow.pl\/index.php?rest_route=\/wp\/v2\/pages\/33\/revisions\/371"}],"wp:attachment":[{"href":"https:\/\/pieczazastepcza.uek.krakow.pl\/index.php?rest_route=%2Fwp%2Fv2%2Fmedia&parent=33"}],"curies":[{"name":"wp","href":"https:\/\/api.w.org\/{rel}","templated":true}]}}