{"id":35,"date":"2019-07-16T13:04:39","date_gmt":"2019-07-16T11:04:39","guid":{"rendered":"https:\/\/pieczazastepcza.uek.krakow.pl\/?page_id=35"},"modified":"2019-11-07T13:11:28","modified_gmt":"2019-11-07T12:11:28","slug":"dla-kogo","status":"publish","type":"page","link":"https:\/\/pieczazastepcza.uek.krakow.pl\/?page_id=35","title":{"rendered":"Dla kogo"},"content":{"rendered":"\r\n<p class=\"has-medium-font-size p {text-align:justify;}\" style=\"text-align: justify;\">\u201euSAMODZIELNIeni finansowo\u201d to projekt wsparcia dla <strong>os\u00f3b, dzia\u0142aj\u0105cych na rzecz dzieci w&nbsp;pieczy zast\u0119pczej i ich rodzin biologicznych z ca\u0142ej Polski<\/strong>, w tym zw\u0142aszcza: <br \/>&#8211; koordynator\u00f3w pieczy zast\u0119pczej,<br \/>&#8211; asystent\u00f3w rodziny,<br \/>&#8211; opiekun\u00f3w usamodzielniania,<br \/>&#8211; opiekun\u00f3w zast\u0119pczych,<br \/>&#8211; wolontariuszy,<br \/>&#8211; wolontariuszy senior\u00f3w.<\/p>\r\n","protected":false},"excerpt":{"rendered":"<p>\u201euSAMODZIELNIeni finansowo\u201d to projekt wsparcia dla os\u00f3b, dzia\u0142aj\u0105cych na rzecz dzieci w&nbsp;pieczy zast\u0119pczej i ich rodzin biologicznych z ca\u0142ej Polski, w tym zw\u0142aszcza: &#8211; koordynator\u00f3w pieczy zast\u0119pczej,&#8211; asystent\u00f3w rodziny,&#8211; opiekun\u00f3w usamodzielniania,&#8211; opiekun\u00f3w zast\u0119pczych,&#8211; wolontariuszy,&#8211; wolontariuszy senior\u00f3w.<a class=\"more-link\" href=\"https:\/\/pieczazastepcza.uek.krakow.pl\/?page_id=35\">Read More &rarr;<\/a><\/p>\n","protected":false},"author":1,"featured_media":0,"parent":0,"menu_order":0,"comment_status":"closed","ping_status":"closed","template":"","meta":[],"_links":{"self":[{"href":"https:\/\/pieczazastepcza.uek.krakow.pl\/index.php?rest_route=\/wp\/v2\/pages\/35"}],"collection":[{"href":"https:\/\/pieczazastepcza.uek.krakow.pl\/index.php?rest_route=\/wp\/v2\/pages"}],"about":[{"href":"https:\/\/pieczazastepcza.uek.krakow.pl\/index.php?rest_route=\/wp\/v2\/types\/page"}],"author":[{"embeddable":true,"href":"https:\/\/pieczazastepcza.uek.krakow.pl\/index.php?rest_route=\/wp\/v2\/users\/1"}],"replies":[{"embeddable":true,"href":"https:\/\/pieczazastepcza.uek.krakow.pl\/index.php?rest_route=%2Fwp%2Fv2%2Fcomments&post=35"}],"version-history":[{"count":9,"href":"https:\/\/pieczazastepcza.uek.krakow.pl\/index.php?rest_route=\/wp\/v2\/pages\/35\/revisions"}],"predecessor-version":[{"id":386,"href":"https:\/\/pieczazastepcza.uek.krakow.pl\/index.php?rest_route=\/wp\/v2\/pages\/35\/revisions\/386"}],"wp:attachment":[{"href":"https:\/\/pieczazastepcza.uek.krakow.pl\/index.php?rest_route=%2Fwp%2Fv2%2Fmedia&parent=35"}],"curies":[{"name":"wp","href":"https:\/\/api.w.org\/{rel}","templated":true}]}}